{"id":1332,"date":"2020-07-16T06:25:14","date_gmt":"2020-07-16T06:25:14","guid":{"rendered":"http:\/\/masterssurfschool.com\/contact\/"},"modified":"2026-04-12T10:17:51","modified_gmt":"2026-04-12T08:17:51","slug":"contact","status":"publish","type":"page","link":"https:\/\/masterssurfschool.com\/fr\/contact\/","title":{"rendered":"Contactez-nous | Kitesurf Hurghada \u2013 R\u00e9servez votre le\u00e7on d\u00e8s aujourd'hui"},"content":{"rendered":"\n<p><\/p>\n\n\n\n<hr class=\"wp-block-separator has-alpha-channel-opacity\"\/>\n\n\n\n<h1 class=\"wp-block-heading\" id=\"h-contact-us-masters-surf-school-hurghada-red-sea\">Contact Us | Masters Surf School \u2013 Hurghada, Red Sea<\/h1>\n\n\n\n<p>Ready to ride the wind? Whether you\u2019re a complete beginner or an experienced rider, our team is here to answer your questions, help you choose the right course, and arrange your <strong>free hotel transfer<\/strong>. Get in touch with the best <strong>kitesurfing school in Hurghada<\/strong> today.<\/p>\n\n\n\n<hr class=\"wp-block-separator has-alpha-channel-opacity\"\/>\n\n\n\n<h2 class=\"wp-block-heading\" id=\"h-our-main-location\">Our Main Location<\/h2>\n\n\n\n<p>We operate from <strong>4 locations<\/strong> along the Red Sea coast. Our primary reception and training center is at:<\/p>\n\n\n\n<p><strong>\ud83d\udccd Titanic Hotel, Sahl Hashish Road, Hurghada, Red Sea, Egypt<\/strong><\/p>\n\n\n\n<p><em>(Look for the Masters Surf School flag on the hotel beach \u2013 shallow lagoon area with consistent winds.)<\/em><\/p>\n\n\n\n<iframe src=\" https:\/\/www.google.com\/maps\/embed?pb=!1m18!1m12!1m3!1d3552.0264344708785!2d33.8516342!3d27.092462400000002!2m3!1f0!2f0!3f0!3m2!1i1024!2i768!4f13.1!3m3!1m2!1s0x145263418fd3e7c9%3A0xefd32b260372e39e!2sMasters%20Surf%20School%20-%20Kitesurf%20%26%20Windsurf!5e0!3m2!1sar!2seg!4v1775981359946!5m2!1sar!2seg\" width=\"600\" height=\"450\" style=\"border:0;\" allowfullscreen=\"\" loading=\"lazy\" referrerpolicy=\"no-referrer-when-downgrade\"><\/iframe>\n\n\n\n<div class=\"wp-block-yoast-seo-local-address\"><div id=\"wpseo_location-\" class=\"wpseo-location\"><h3><span class=\"wpseo-business-name\">Masters Surf School<\/span><\/h3><div class=\"wpseo-address-wrapper\"><div class=\"street-address\">Titanic Hotel, Sahl Hashish Rd<br>Red Sea Governorate, <\/div><span class=\"locality\"> HURGHADA<\/span>, <span  class=\"region\">Al Bahr al Ahmar<\/span> <span class=\"postal-code\">84511<\/span><\/div><span class=\"wpseo-phone\">T\u00e9l\u00e9phone: <a href=\"tel:+201124823398\" class=\"tel\"><span>+201124823398<\/span><\/a><\/span><br\/><span class=\"wpseo-phone2nd\">T\u00e9l\u00e9phone 2: <a href=\"tel:+201272284800\" class=\"tel\">+201272284800<\/a><\/span><br\/><span class=\"wpseo-email\">E-mail: <a href=\"mailto:&#109;&#097;s&#116;e&#114;s.&#115;urf&#115;chool&#064;g&#109;ail.co&#109;\">&#109;a&#115;t&#101;r&#115;&#46;s&#117;r&#102;sc&#104;&#111;o&#108;&#64;&#103;m&#97;&#105;&#108;.&#99;&#111;&#109;<\/a><\/span><br\/><\/div><\/div>\n\n\n\n<div class=\"wp-block-yoast-seo-local-opening-hours\"><div class=\"wpseo-opening-hours-wrapper\"><table class=\"wpseo-opening-hours\" id =\"wpseo-opening-hours-\"><tr><td class=\"day\">Lundi<\/td><td class=\"time\"><span>9:00 AM - 11:30 PM<\/span><\/td><\/tr><tr><td class=\"day\">Mardi<\/td><td class=\"time\"><span>9:00 AM - 11:30 PM<\/span><\/td><\/tr><tr><td class=\"day\">Mercredi<\/td><td class=\"time\"><span>9:00 AM - 11:30 PM<\/span><\/td><\/tr><tr><td class=\"day\">Jeudi<\/td><td class=\"time\"><span>9:00 AM - 11:30 PM<\/span><\/td><\/tr><tr><td class=\"day\">Vendredi<\/td><td class=\"time\"><span>9:00 AM - 11:30 PM<\/span><\/td><\/tr><tr><td class=\"day\">Samedi<\/td><td class=\"time\"><span>9:00 AM - 11:30 PM<\/span><\/td><\/tr><tr><td class=\"day\">Dimanche<\/td><td class=\"time\"><span>9:00 AM - 11:30 PM<\/span><\/td><\/tr><\/table><\/div><\/div>\n\n\n\n<blockquote class=\"wp-block-quote is-layout-flow wp-block-quote-is-layout-flow\">\n<p>\ud83d\ude90 <strong>Complimentary transfers<\/strong> available from any hotel in Hurghada. Just ask when you book.<\/p>\n<\/blockquote>\n\n\n\n<hr class=\"wp-block-separator has-alpha-channel-opacity\"\/>\n\n\n\n<h2 class=\"wp-block-heading\" id=\"h-book-your-course-or-session-now\">Book Your Course or Session Now<\/h2>\n\n\n\n<blockquote class=\"wp-block-quote is-layout-flow wp-block-quote-is-layout-flow\">\n<p><strong>We guarantee you an unforgettable time on the water.<\/strong><\/p>\n<\/blockquote>\n\n\n\n<p>Click below to secure your spot \u2013 private lessons, group courses, equipment rental, or kite safaris.<\/p>\n\n\n\n<hr class=\"wp-block-separator has-alpha-channel-opacity\"\/>\n\n\n\n<h2 class=\"wp-block-heading\" id=\"h-telephone-reservations\">Telephone Reservations<\/h2>\n\n\n\n<p>Call or WhatsApp us directly. Our English\u2011speaking team is available daily from 9:00 AM to 6:00 PM (UTC+2).<\/p>\n\n\n\n<p>\ud83d\udcde <strong>+20 11 2482 3398<\/strong><br>\ud83d\udcde <strong>+20 12 7228 4800<\/strong><\/p>\n\n\n\n<hr class=\"wp-block-separator has-alpha-channel-opacity\"\/>\n\n\n\n<h2 class=\"wp-block-heading\" id=\"h-email-amp-online-inquiries\">Email &amp; Online Inquiries<\/h2>\n\n\n\n<p>\ud83d\udce7 <strong>info@masterssurfschool.com<\/strong><\/p>\n\n\n\n<p>We usually reply within 2\u20114 hours during business hours.<\/p>\n\n\n\n<hr class=\"wp-block-separator has-alpha-channel-opacity\"\/>\n\n\n\n<h2 class=\"wp-block-heading\" id=\"h-send-us-a-message\">Send Us a Message<\/h2>\n\n\n\n<p>Have a question about course levels, prices, wind conditions, or group bookings? Fill out the form below, and we\u2019ll get back to you fast.<\/p>\n\n\n\n<h3 class=\"wp-block-heading\" id=\"h-contact-form-simple-example-you-can-expand\">Contact Form (simple example \u2013 you can expand)<\/h3>\n\n\n\n<ul class=\"wp-block-list\">\n<li><strong>Name<\/strong> (required)<\/li>\n\n\n\n<li><strong>Email<\/strong> (required)<\/li>\n\n\n\n<li><strong>Phone \/ WhatsApp<\/strong> (optional)<\/li>\n\n\n\n<li><strong>Message \/ Inquiry<\/strong> (e.g., course type, number of people, preferred dates)<\/li>\n\n\n\n<li><strong>[Send Message Button]<\/strong><\/li>\n<\/ul>\n\n\n\n<blockquote class=\"wp-block-quote is-layout-flow wp-block-quote-is-layout-flow\">\n<p><em>By submitting, you agree to receive a reply from Masters Surf School. We never share your data.<\/em><\/p>\n<\/blockquote>\n\n\n\n<hr class=\"wp-block-separator has-alpha-channel-opacity\"\/>\n\n\n\n<h2 class=\"wp-block-heading\" id=\"h-why-choose-masters-surf-school\">Why Choose Masters Surf School?<\/h2>\n\n\n\n<blockquote class=\"wp-block-quote has-accent-background-color has-background is-layout-flow wp-block-quote-is-layout-flow\">\n<p><em>Masters Surf School is a premier water sports center with over 25 years of experience in Hurghada, Egypt. Operating from more than 4 locations along the Red Sea coast, we are dedicated to providing world-class kitesurfing and windsurfing experiences. Our team of internationally certified (IKO) instructors guides you in ideal conditions\u2014shallow lagoons with consistent winds\u2014ensuring safe, fast, and unforgettable progress. From beginner lessons to advanced coaching, catamaran sailing, and kite safaris, we offer complimentary hotel transfers and top-quality equipment for your adventure.<\/em><\/p>\n<\/blockquote>\n\n\n\n<hr class=\"wp-block-separator has-alpha-channel-opacity\"\/>\n\n\n\n<h2 class=\"wp-block-heading\" id=\"h-frequently-asked-questions-quick-help\">Frequently Asked Questions (Quick Help)<\/h2>\n\n\n\n<figure class=\"wp-block-table is-style-stripes\"><table><thead><tr><th>Question<\/th><th>Answer<\/th><\/tr><\/thead><tbody><tr><td><strong>Do I need experience?<\/strong><\/td><td>No. We teach complete beginners.<\/td><\/tr><tr><td><strong>What should I bring?<\/strong><\/td><td>Swimwear, towel, sunscreen, and a smile.<\/td><\/tr><tr><td><strong>Is the equipment included?<\/strong><\/td><td>Yes \u2013 all courses include top\u2011quality gear.<\/td><\/tr><tr><td><strong>How do hotel transfers work?<\/strong><\/td><td>We pick you up and drop you off for free.<\/td><\/tr><tr><td><strong>What if the wind is bad?<\/strong><\/td><td>We reschedule or offer alternative activities.<\/td><\/tr><\/tbody><\/table><\/figure>\n\n\n\n<hr class=\"wp-block-separator has-alpha-channel-opacity\"\/>\n\n\n\n<hr class=\"wp-block-separator has-alpha-channel-opacity\"\/>\n\n\n\n<h2 class=\"wp-block-heading\" id=\"h-ready-to-ride\">Ready to Ride?<\/h2>\n\n\n\n<p>\ud83d\udcde <strong>Call +20 11 2482 3398<\/strong> or fill out the form above.<br>We\u2019ll confirm your spot, arrange free pickup, and get you on the water fast.<\/p>\n\n\n\n<p><strong>See you in Hurghada \u2013 where the wind never stops.<\/strong> \ud83c\udf0a\ud83e\ude81<\/p>\n\n\n\n<hr class=\"wp-block-separator has-alpha-channel-opacity\"\/>\n\n\n\n<p><\/p>\n","protected":false},"excerpt":{"rendered":"Contactez-nous | Masters Surf School \u2013 Hurghada, Mer Rouge pr\u00eat \u00e0 monter le vent ? Que vous soyez un\u2026","protected":false},"author":1,"featured_media":3639,"parent":0,"menu_order":0,"comment_status":"closed","ping_status":"closed","template":"","meta":{"_acf_changed":false,"_mbp_gutenberg_autopost":false,"glimpse_singular_sidebar":"disabled","glimpse_page_header_type":"overlay","glimpse_page_load_nextpost":"","footnotes":""},"class_list":{"0":"post-1332","1":"page","2":"type-page","3":"status-publish","4":"has-post-thumbnail","6":"glimpse-entry"},"acf":[],"yoast_head":"<!-- This site is optimized with the Yoast SEO Premium plugin v27.4 (Yoast SEO v27.5) - https:\/\/yoast.com\/product\/yoast-seo-premium-wordpress\/ -->\n<title>Contact Information and Booking<\/title>\n<meta name=\"description\" content=\"Get in touch with Masters Surf School in Hurghada. Call, email, or visit our location at Titanic Hotel. Free hotel transfers + IKO certified\" \/>\n<meta name=\"robots\" content=\"index, follow, max-snippet:-1, max-image-preview:large, max-video-preview:-1\" \/>\n<link rel=\"canonical\" href=\"https:\/\/masterssurfschool.com\/fr\/contact\/\" \/>\n<meta property=\"og:locale\" content=\"fr_FR\" \/>\n<meta property=\"og:type\" content=\"article\" \/>\n<meta property=\"og:title\" content=\"Contact Us | Kitesurfing Hurghada \u2013 Book Your Lesson Today\" \/>\n<meta property=\"og:description\" content=\"Get in touch with Masters Surf School in Hurghada. Call, email, or visit our location at Titanic Hotel. Free hotel transfers + IKO certified instructors. Book now!\" \/>\n<meta property=\"og:url\" content=\"https:\/\/masterssurfschool.com\/fr\/contact\/\" \/>\n<meta property=\"og:site_name\" content=\"Masters surf school\" \/>\n<meta property=\"article:publisher\" content=\"https:\/\/www.facebook.com\/masters.surf.school\" \/>\n<meta property=\"article:modified_time\" content=\"2026-04-12T08:17:51+00:00\" \/>\n<meta property=\"og:image\" content=\"https:\/\/masterssurfschool.com\/wp-content\/uploads\/2026\/04\/Masters-Surf-School-Best-Hurghada-Kitesurfing-Center-Team.jpg\" \/>\n\t<meta property=\"og:image:width\" content=\"1200\" \/>\n\t<meta property=\"og:image:height\" content=\"900\" \/>\n\t<meta property=\"og:image:type\" content=\"image\/jpeg\" \/>\n<meta name=\"twitter:card\" content=\"summary_large_image\" \/>\n<meta name=\"twitter:description\" content=\"Get in touch with Masters Surf School in Hurghada. Call, email, or visit our location at Titanic Hotel. Free hotel transfers + IKO certified instructors. Book now!\" \/>\n<meta name=\"twitter:label1\" content=\"Dur\u00e9e de lecture estim\u00e9e\" \/>\n\t<meta name=\"twitter:data1\" content=\"2 minutes\" \/>\n<script type=\"application\/ld+json\" class=\"yoast-schema-graph\">{\"@context\":\"https:\\\/\\\/schema.org\",\"@graph\":[{\"@type\":[\"WebPage\",\"ContactPage\"],\"@id\":\"https:\\\/\\\/masterssurfschool.com\\\/contact\\\/\",\"url\":\"https:\\\/\\\/masterssurfschool.com\\\/contact\\\/\",\"name\":\"Contact Information and Booking\",\"isPartOf\":{\"@id\":\"https:\\\/\\\/masterssurfschool.com\\\/#website\"},\"primaryImageOfPage\":{\"@id\":\"https:\\\/\\\/masterssurfschool.com\\\/contact\\\/#primaryimage\"},\"image\":{\"@id\":\"https:\\\/\\\/masterssurfschool.com\\\/contact\\\/#primaryimage\"},\"thumbnailUrl\":\"https:\\\/\\\/masterssurfschool.com\\\/wp-content\\\/uploads\\\/2026\\\/04\\\/Masters-Surf-School-Best-Hurghada-Kitesurfing-Center-Team.jpg\",\"datePublished\":\"2020-07-16T06:25:14+00:00\",\"dateModified\":\"2026-04-12T08:17:51+00:00\",\"description\":\"Get in touch with Masters Surf School in Hurghada. Call, email, or visit our location at Titanic Hotel. Free hotel transfers + IKO certified\",\"breadcrumb\":{\"@id\":\"https:\\\/\\\/masterssurfschool.com\\\/contact\\\/#breadcrumb\"},\"inLanguage\":\"fr-FR\",\"potentialAction\":[{\"@type\":\"ReadAction\",\"target\":[\"https:\\\/\\\/masterssurfschool.com\\\/contact\\\/\"]}]},{\"@type\":\"ImageObject\",\"inLanguage\":\"fr-FR\",\"@id\":\"https:\\\/\\\/masterssurfschool.com\\\/contact\\\/#primaryimage\",\"url\":\"https:\\\/\\\/masterssurfschool.com\\\/wp-content\\\/uploads\\\/2026\\\/04\\\/Masters-Surf-School-Best-Hurghada-Kitesurfing-Center-Team.jpg\",\"contentUrl\":\"https:\\\/\\\/masterssurfschool.com\\\/wp-content\\\/uploads\\\/2026\\\/04\\\/Masters-Surf-School-Best-Hurghada-Kitesurfing-Center-Team.jpg\",\"width\":1200,\"height\":900,\"caption\":\"Masters Surf School Best Hurghada Kitesurfing Center Team\"},{\"@type\":\"BreadcrumbList\",\"@id\":\"https:\\\/\\\/masterssurfschool.com\\\/contact\\\/#breadcrumb\",\"itemListElement\":[{\"@type\":\"ListItem\",\"position\":1,\"name\":\"Masters Surf School\",\"item\":\"https:\\\/\\\/masterssurfschool.com\\\/\"},{\"@type\":\"ListItem\",\"position\":2,\"name\":\"Contact Us | Kitesurfing Hurghada \u2013 Book Your Lesson Today\"}]},{\"@type\":\"WebSite\",\"@id\":\"https:\\\/\\\/masterssurfschool.com\\\/#website\",\"url\":\"https:\\\/\\\/masterssurfschool.com\\\/\",\"name\":\"Masters surf school\",\"description\":\"Best Hurghada Kitesurfing &amp; Windsurfing school\",\"publisher\":{\"@id\":\"https:\\\/\\\/masterssurfschool.com\\\/#organization\"},\"alternateName\":\"Masters surf school\",\"potentialAction\":[{\"@type\":\"SearchAction\",\"target\":{\"@type\":\"EntryPoint\",\"urlTemplate\":\"https:\\\/\\\/masterssurfschool.com\\\/?s={search_term_string}\"},\"query-input\":{\"@type\":\"PropertyValueSpecification\",\"valueRequired\":true,\"valueName\":\"search_term_string\"}}],\"inLanguage\":\"fr-FR\"},{\"@type\":[\"Organization\",\"Place\"],\"@id\":\"https:\\\/\\\/masterssurfschool.com\\\/#organization\",\"name\":\"Masters Surf School\",\"alternateName\":\"Masters surf school\",\"url\":\"https:\\\/\\\/masterssurfschool.com\\\/\",\"logo\":{\"@id\":\"https:\\\/\\\/masterssurfschool.com\\\/contact\\\/#local-main-organization-logo\"},\"image\":{\"@id\":\"https:\\\/\\\/masterssurfschool.com\\\/contact\\\/#local-main-organization-logo\"},\"sameAs\":[\"https:\\\/\\\/www.facebook.com\\\/masters.surf.school\",\"https:\\\/\\\/www.instagram.com\\\/masters_surf_school\\\/\",\"https:\\\/\\\/www.youtube.com\\\/@masterssurfschool\"],\"description\":\"Masters Surf School is a premier water sports center with over 25 years of experience in Hurghada, Egypt. Operating from more than 4 locations along the Red Sea coast, we are dedicated to providing world-class kitesurfing and windsurfing experiences. Our team of internationally certified (IKO) instructors guides you in ideal conditions\u2014shallow lagoons with consistent winds\u2014ensuring safe, fast, and unforgettable progress. From beginner lessons to advanced coaching, catamaran sailing, and kite safaris, we offer complimentary hotel transfers and top-quality equipment for your adventure.\",\"legalName\":\"Masters surf school\",\"foundingDate\":\"2020-01-06\",\"numberOfEmployees\":{\"@type\":\"QuantitativeValue\",\"minValue\":\"1\",\"maxValue\":\"10\"},\"address\":{\"@id\":\"https:\\\/\\\/masterssurfschool.com\\\/contact\\\/#local-main-place-address\"},\"telephone\":[\"+201124823398\",\"+201272284800\"],\"contactPoint\":{\"@type\":\"ContactPoint\",\"telephone\":\"+2011 24823398\",\"email\":\"masters.surfschool@gmail.com\"},\"openingHoursSpecification\":[{\"@type\":\"OpeningHoursSpecification\",\"dayOfWeek\":[\"Monday\",\"Tuesday\",\"Wednesday\",\"Thursday\",\"Friday\",\"Saturday\",\"Sunday\"],\"opens\":\"09:00\",\"closes\":\"23:30\"}],\"email\":\"masters.surfschool@gmail.com\"},{\"@type\":\"PostalAddress\",\"@id\":\"https:\\\/\\\/masterssurfschool.com\\\/contact\\\/#local-main-place-address\",\"streetAddress\":\"Titanic Hotel, Sahl Hashish Rd, Red Sea Governorate\",\"addressLocality\":\"HURGHADA\",\"postalCode\":\"84511\",\"addressRegion\":\"Al Bahr al Ahmar\",\"addressCountry\":\"EG\"},{\"@type\":\"ImageObject\",\"inLanguage\":\"fr-FR\",\"@id\":\"https:\\\/\\\/masterssurfschool.com\\\/contact\\\/#local-main-organization-logo\",\"url\":\"https:\\\/\\\/masterssurfschool.com\\\/wp-content\\\/uploads\\\/2025\\\/10\\\/cropped-logo.png\",\"contentUrl\":\"https:\\\/\\\/masterssurfschool.com\\\/wp-content\\\/uploads\\\/2025\\\/10\\\/cropped-logo.png\",\"width\":512,\"height\":512,\"caption\":\"Masters Surf School\"}]}<\/script>\n<meta name=\"geo.placename\" content=\"HURGHADA\" \/>\n<meta name=\"geo.region\" content=\"\u00c9gypte\" \/>\n<!-- \/ Yoast SEO Premium plugin. -->","yoast_head_json":{"title":"Coordonn\u00e9es et r\u00e9servation","description":"Entrez en contact avec l'\u00e9cole de surf Masters \u00e0 Hurghada. Appelez, envoyez un e-mail ou visitez notre emplacement \u00e0 l'h\u00f4tel Titanic. Transferts h\u00f4teliers gratuits + IKO certifi\u00e9","robots":{"index":"index","follow":"follow","max-snippet":"max-snippet:-1","max-image-preview":"max-image-preview:large","max-video-preview":"max-video-preview:-1"},"canonical":"https:\/\/masterssurfschool.com\/fr\/contact\/","og_locale":"fr_FR","og_type":"article","og_title":"Contact Us | Kitesurfing Hurghada \u2013 Book Your Lesson Today","og_description":"Get in touch with Masters Surf School in Hurghada. Call, email, or visit our location at Titanic Hotel. Free hotel transfers + IKO certified instructors. Book now!","og_url":"https:\/\/masterssurfschool.com\/fr\/contact\/","og_site_name":"Masters surf school","article_publisher":"https:\/\/www.facebook.com\/masters.surf.school","article_modified_time":"2026-04-12T08:17:51+00:00","og_image":[{"width":1200,"height":900,"url":"https:\/\/masterssurfschool.com\/wp-content\/uploads\/2026\/04\/Masters-Surf-School-Best-Hurghada-Kitesurfing-Center-Team.jpg","type":"image\/jpeg"}],"twitter_card":"summary_large_image","twitter_description":"Get in touch with Masters Surf School in Hurghada. Call, email, or visit our location at Titanic Hotel. Free hotel transfers + IKO certified instructors. Book now!","twitter_misc":{"Dur\u00e9e de lecture estim\u00e9e":"2 minutes"},"schema":{"@context":"https:\/\/schema.org","@graph":[{"@type":["WebPage","ContactPage"],"@id":"https:\/\/masterssurfschool.com\/contact\/","url":"https:\/\/masterssurfschool.com\/contact\/","name":"Coordonn\u00e9es et r\u00e9servation","isPartOf":{"@id":"https:\/\/masterssurfschool.com\/#website"},"primaryImageOfPage":{"@id":"https:\/\/masterssurfschool.com\/contact\/#primaryimage"},"image":{"@id":"https:\/\/masterssurfschool.com\/contact\/#primaryimage"},"thumbnailUrl":"https:\/\/masterssurfschool.com\/wp-content\/uploads\/2026\/04\/Masters-Surf-School-Best-Hurghada-Kitesurfing-Center-Team.jpg","datePublished":"2020-07-16T06:25:14+00:00","dateModified":"2026-04-12T08:17:51+00:00","description":"Entrez en contact avec l'\u00e9cole de surf Masters \u00e0 Hurghada. Appelez, envoyez un e-mail ou visitez notre emplacement \u00e0 l'h\u00f4tel Titanic. Transferts h\u00f4teliers gratuits + IKO certifi\u00e9","breadcrumb":{"@id":"https:\/\/masterssurfschool.com\/contact\/#breadcrumb"},"inLanguage":"fr-FR","potentialAction":[{"@type":"ReadAction","target":["https:\/\/masterssurfschool.com\/contact\/"]}]},{"@type":"ImageObject","inLanguage":"fr-FR","@id":"https:\/\/masterssurfschool.com\/contact\/#primaryimage","url":"https:\/\/masterssurfschool.com\/wp-content\/uploads\/2026\/04\/Masters-Surf-School-Best-Hurghada-Kitesurfing-Center-Team.jpg","contentUrl":"https:\/\/masterssurfschool.com\/wp-content\/uploads\/2026\/04\/Masters-Surf-School-Best-Hurghada-Kitesurfing-Center-Team.jpg","width":1200,"height":900,"caption":"Masters Surf School Best Hurghada Kitesurfing Center Team"},{"@type":"BreadcrumbList","@id":"https:\/\/masterssurfschool.com\/contact\/#breadcrumb","itemListElement":[{"@type":"ListItem","position":1,"name":"Masters Surf School","item":"https:\/\/masterssurfschool.com\/"},{"@type":"ListItem","position":2,"name":"Contact Us | Kitesurfing Hurghada \u2013 Book Your Lesson Today"}]},{"@type":"WebSite","@id":"https:\/\/masterssurfschool.com\/#website","url":"https:\/\/masterssurfschool.com\/","name":"Ma\u00eetres \u00c9cole de Surf","description":"Meilleure \u00e9cole de kitesurf et de planche \u00e0 voile","publisher":{"@id":"https:\/\/masterssurfschool.com\/#organization"},"alternateName":"Masters surf school","potentialAction":[{"@type":"SearchAction","target":{"@type":"EntryPoint","urlTemplate":"https:\/\/masterssurfschool.com\/?s={search_term_string}"},"query-input":{"@type":"PropertyValueSpecification","valueRequired":true,"valueName":"search_term_string"}}],"inLanguage":"fr-FR"},{"@type":["Organization","Place"],"@id":"https:\/\/masterssurfschool.com\/#organization","name":"Ma\u00eetres \u00c9cole de Surf","alternateName":"Masters surf school","url":"https:\/\/masterssurfschool.com\/","logo":{"@id":"https:\/\/masterssurfschool.com\/contact\/#local-main-organization-logo"},"image":{"@id":"https:\/\/masterssurfschool.com\/contact\/#local-main-organization-logo"},"sameAs":["https:\/\/www.facebook.com\/masters.surf.school","https:\/\/www.instagram.com\/masters_surf_school\/","https:\/\/www.youtube.com\/@masterssurfschool"],"description":"Masters Surf School est un centre de sports nautiques de premier plan avec plus de 25 ans d'exp\u00e9rience \u00e0 Hurghada, en \u00c9gypte. Op\u00e9rant \u00e0 partir de plus de 4 sites le long de la c\u00f4te de la mer Rouge, nous nous engageons \u00e0 fournir des exp\u00e9riences de kitesurf et de planche \u00e0 voile de classe mondiale. Notre \u00e9quipe d'instructeurs certifi\u00e9s internationalement (IKO) vous guide dans des conditions id\u00e9ales, des lagunes peu profondes avec des vents constants, qui garantissent des progr\u00e8s s\u00fbrs, rapides et inoubliables. Des le\u00e7ons de d\u00e9butant au coaching avanc\u00e9, en passant par la voile en catamaran et les safaris de cerf-volant, nous proposons des transferts h\u00f4teliers gratuits et des \u00e9quipements de qualit\u00e9 pour votre aventure.","legalName":"Masters surf school","foundingDate":"2020-01-06","numberOfEmployees":{"@type":"QuantitativeValue","minValue":"1","maxValue":"10"},"address":{"@id":"https:\/\/masterssurfschool.com\/contact\/#local-main-place-address"},"telephone":["+201124823398","+201272284800"],"contactPoint":{"@type":"ContactPoint","telephone":"+2011 24823398","email":"masters.surfschool@gmail.com"},"openingHoursSpecification":[{"@type":"OpeningHoursSpecification","dayOfWeek":["Monday","Tuesday","Wednesday","Thursday","Friday","Saturday","Sunday"],"opens":"09:00","closes":"23:30"}],"email":"masters.surfschool@gmail.com"},{"@type":"PostalAddress","@id":"https:\/\/masterssurfschool.com\/contact\/#local-main-place-address","streetAddress":"Titanic Hotel, Sahl Hashish Rd, Red Sea Governorate","addressLocality":"HURGHADA","postalCode":"84511","addressRegion":"Al Bahr al Ahmar","addressCountry":"EG"},{"@type":"ImageObject","inLanguage":"fr-FR","@id":"https:\/\/masterssurfschool.com\/contact\/#local-main-organization-logo","url":"https:\/\/masterssurfschool.com\/wp-content\/uploads\/2025\/10\/cropped-logo.png","contentUrl":"https:\/\/masterssurfschool.com\/wp-content\/uploads\/2025\/10\/cropped-logo.png","width":512,"height":512,"caption":"Masters Surf School"}]},"geo.placename":"HURGHADA","geo.region":"\u00c9gypte"},"_links":{"self":[{"href":"https:\/\/masterssurfschool.com\/fr\/wp-json\/wp\/v2\/pages\/1332","targetHints":{"allow":["GET"]}}],"collection":[{"href":"https:\/\/masterssurfschool.com\/fr\/wp-json\/wp\/v2\/pages"}],"about":[{"href":"https:\/\/masterssurfschool.com\/fr\/wp-json\/wp\/v2\/types\/page"}],"author":[{"embeddable":true,"href":"https:\/\/masterssurfschool.com\/fr\/wp-json\/wp\/v2\/users\/1"}],"replies":[{"embeddable":true,"href":"https:\/\/masterssurfschool.com\/fr\/wp-json\/wp\/v2\/comments?post=1332"}],"version-history":[{"count":55,"href":"https:\/\/masterssurfschool.com\/fr\/wp-json\/wp\/v2\/pages\/1332\/revisions"}],"predecessor-version":[{"id":3756,"href":"https:\/\/masterssurfschool.com\/fr\/wp-json\/wp\/v2\/pages\/1332\/revisions\/3756"}],"wp:featuredmedia":[{"embeddable":true,"href":"https:\/\/masterssurfschool.com\/fr\/wp-json\/wp\/v2\/media\/3639"}],"wp:attachment":[{"href":"https:\/\/masterssurfschool.com\/fr\/wp-json\/wp\/v2\/media?parent=1332"}],"curies":[{"name":"WP","href":"https:\/\/api.w.org\/{rel}","templated":true}]}}