{"id":114,"date":"2020-07-16T04:16:25","date_gmt":"2020-07-16T04:16:25","guid":{"rendered":"http:\/\/masterssurfschool.com\/about-us\/"},"modified":"2026-04-13T12:54:47","modified_gmt":"2026-04-13T10:54:47","slug":"team","status":"publish","type":"page","link":"https:\/\/masterssurfschool.com\/fr\/team\/","title":{"rendered":"Rencontrez l'\u00e9quipe de l'\u00e9cole de surf Masters"},"content":{"rendered":"<p>L'\u00e9cole de surf de Master \u00e0 Hurghada compte une \u00e9quipe diversifi\u00e9e et hautement qualifi\u00e9e de professionnels d\u00e9di\u00e9s \u00e0 la fourniture d'enseignements de sports nautiques de premier plan. L'\u00e9quipe se caract\u00e9rise par ses nombreuses certifications (y compris <strong>iko<\/strong> et <strong>rya<\/strong>), des capacit\u00e9s multilingues et des r\u00f4les sp\u00e9cialis\u00e9s qui garantissent la s\u00e9curit\u00e9 et la qualit\u00e9 de l'eau.<\/p>\n\n\n\n<figure class=\"wp-block-image alignwide size-full\"><img fetchpriority=\"high\" decoding=\"async\" width=\"935\" height=\"1587\" src=\"https:\/\/masterssurfschool.com\/wp-content\/uploads\/2026\/04\/Masters-Surf-School-Team.jpeg\" alt=\"Ma\u00eetres \u00e9quipes de l&#039;\u00e9cole de surf\" class=\"wp-image-3824\" srcset=\"https:\/\/masterssurfschool.com\/wp-content\/uploads\/2026\/04\/Masters-Surf-School-Team.jpeg 935w, https:\/\/masterssurfschool.com\/wp-content\/uploads\/2026\/04\/Masters-Surf-School-Team-768x1304.jpeg 768w, https:\/\/masterssurfschool.com\/wp-content\/uploads\/2026\/04\/Masters-Surf-School-Team-905x1536.jpeg 905w, https:\/\/masterssurfschool.com\/wp-content\/uploads\/2026\/04\/Masters-Surf-School-Team-7x12.jpeg 7w, https:\/\/masterssurfschool.com\/wp-content\/uploads\/2026\/04\/Masters-Surf-School-Team-400x679.jpeg 400w, https:\/\/masterssurfschool.com\/wp-content\/uploads\/2026\/04\/Masters-Surf-School-Team-800x1358.jpeg 800w, https:\/\/masterssurfschool.com\/wp-content\/uploads\/2026\/04\/Masters-Surf-School-Team-832x1412.jpeg 832w\" sizes=\"(max-width: 935px) 100vw, 935px\" \/><figcaption class=\"wp-element-caption\">Ma\u00eetres \u00e9quipes de l'\u00e9cole de surf<\/figcaption><\/figure>\n\n\n\n<hr class=\"wp-block-separator has-alpha-channel-opacity\"\/>\n\n\n\n<h3 class=\"wp-block-heading\" id=\"h-leadership-amp-operations\"><strong>Leadership &amp; Op\u00e9ration<\/strong><\/h3>\n\n\n\n<p>L'\u00e9cole est ancr\u00e9e par des professionnels maritimes et de gestion exp\u00e9riment\u00e9s :<\/p>\n\n\n\n<ul class=\"wp-block-list\">\n<li><strong>Bebo (le gestionnaire):<\/strong> Supervise les op\u00e9rations scolaires. multilingue dans <strong>Russe, anglais et allemand<\/strong>.<\/li>\n\n\n\n<li><strong>Sayed (Sea Captain Surf):<\/strong> Un capitaine de mer certifi\u00e9 d\u00e9tenant des informations d'identification RYA, assurant la s\u00e9curit\u00e9 maritime et la navigation professionnelle. multilingue dans <strong>Arabe, anglais et russe<\/strong>.<\/li>\n<\/ul>\n\n\n\n<figure class=\"wp-block-image alignwide size-full\"><img decoding=\"async\" width=\"1600\" height=\"900\" src=\"https:\/\/masterssurfschool.com\/wp-content\/uploads\/2026\/03\/Masters-Surf-School-in-Hurghada-team-1.jpeg\" alt=\"Liveaboard avec l&#039;\u00e9quipe de l&#039;\u00e9cole de surf Master\" class=\"wp-image-3490\" srcset=\"https:\/\/masterssurfschool.com\/wp-content\/uploads\/2026\/03\/Masters-Surf-School-in-Hurghada-team-1.jpeg 1600w, https:\/\/masterssurfschool.com\/wp-content\/uploads\/2026\/03\/Masters-Surf-School-in-Hurghada-team-1-768x432.jpeg 768w, https:\/\/masterssurfschool.com\/wp-content\/uploads\/2026\/03\/Masters-Surf-School-in-Hurghada-team-1-1536x864.jpeg 1536w, https:\/\/masterssurfschool.com\/wp-content\/uploads\/2026\/03\/Masters-Surf-School-in-Hurghada-team-1-18x10.jpeg 18w, https:\/\/masterssurfschool.com\/wp-content\/uploads\/2026\/03\/Masters-Surf-School-in-Hurghada-team-1-400x225.jpeg 400w, https:\/\/masterssurfschool.com\/wp-content\/uploads\/2026\/03\/Masters-Surf-School-in-Hurghada-team-1-800x450.jpeg 800w, https:\/\/masterssurfschool.com\/wp-content\/uploads\/2026\/03\/Masters-Surf-School-in-Hurghada-team-1-832x468.jpeg 832w, https:\/\/masterssurfschool.com\/wp-content\/uploads\/2026\/03\/Masters-Surf-School-in-Hurghada-team-1-1248x702.jpeg 1248w\" sizes=\"(max-width: 1600px) 100vw, 1600px\" \/><\/figure>\n\n\n\n<h3 class=\"wp-block-heading\" id=\"h-instructional-elite\"><strong>\u00e9lite p\u00e9dagogique<\/strong><\/h3>\n\n\n\n<p>Le personnel enseignant est compos\u00e9 d'instructeurs et d'assistants certifi\u00e9s ayant des comp\u00e9tences sp\u00e9cialis\u00e9es en surf et en kite :<\/p>\n\n\n\n<ul class=\"wp-block-list\">\n<li><strong>Abdul Hamid (instructeur):<\/strong> D\u00e9tient un dipl\u00f4me d'instructeur IKO de niveau 1. Langues : <strong>arabe et anglais<\/strong>.<\/li>\n\n\n\n<li><strong>Alaa (Surf Instructeur):<\/strong> Un instructeur senior avec des certifications de secourisme et de soins d'urgence. Langues : <strong>Arabe, anglais et allemand<\/strong>.<\/li>\n\n\n\n<li><strong>Mohammed \u201cShabroo\u201d (Surf Instructeur):<\/strong> Moniteur de surf sp\u00e9cialis\u00e9. Langues : <strong>arabe et anglais<\/strong>.<\/li>\n\n\n\n<li><strong>Youssef (instructeur):<\/strong> Instructeur certifi\u00e9 avec formation en soins primaires et secondaires (RCR\/premiers secours). Langues : <strong>Arabe, anglais et allemand<\/strong>.<\/li>\n\n\n\n<li><strong>Ahmed (instructeur):<\/strong> Instructeur certifi\u00e9 IKO Assistant. Langues : <strong>arabe et anglais<\/strong>.<\/li>\n<\/ul>\n\n\n\n<h3 class=\"wp-block-heading\" id=\"h-support-amp-maritime-assistance\"><strong>Assistance et aide maritime<\/strong><\/h3>\n\n\n\n<ul class=\"wp-block-list\">\n<li><strong>Shaheen (Captain adjoint):<\/strong> Fournit un soutien maritime et une assistance maritimes essentiels. Langues : <strong>arabe et anglais<\/strong>.<\/li>\n<\/ul>\n\n\n\n<hr class=\"wp-block-separator has-alpha-channel-opacity\"\/>\n\n\n\n<figure class=\"wp-block-image size-full\"><img decoding=\"async\" width=\"1200\" height=\"900\" src=\"https:\/\/masterssurfschool.com\/wp-content\/uploads\/2026\/04\/Freeride-windsurfing-gear-on-the-beach-at-Masters-Surf-School.jpg\" alt=\"Freeride \u00e9quipement de planche \u00e0 voile sur la plage \u00e0 l&#039;\u00e9cole de surf Masters\" class=\"wp-image-3684\" srcset=\"https:\/\/masterssurfschool.com\/wp-content\/uploads\/2026\/04\/Freeride-windsurfing-gear-on-the-beach-at-Masters-Surf-School.jpg 1200w, https:\/\/masterssurfschool.com\/wp-content\/uploads\/2026\/04\/Freeride-windsurfing-gear-on-the-beach-at-Masters-Surf-School-768x576.jpg 768w, https:\/\/masterssurfschool.com\/wp-content\/uploads\/2026\/04\/Freeride-windsurfing-gear-on-the-beach-at-Masters-Surf-School-16x12.jpg 16w, https:\/\/masterssurfschool.com\/wp-content\/uploads\/2026\/04\/Freeride-windsurfing-gear-on-the-beach-at-Masters-Surf-School-400x300.jpg 400w, https:\/\/masterssurfschool.com\/wp-content\/uploads\/2026\/04\/Freeride-windsurfing-gear-on-the-beach-at-Masters-Surf-School-800x600.jpg 800w, https:\/\/masterssurfschool.com\/wp-content\/uploads\/2026\/04\/Freeride-windsurfing-gear-on-the-beach-at-Masters-Surf-School-832x624.jpg 832w\" sizes=\"(max-width: 1200px) 100vw, 1200px\" \/><\/figure>\n\n\n\n<h3 class=\"wp-block-heading\" id=\"h-team-expertise-at-a-glance\"><strong>Expertise d'\u00e9quipe en un coup d'\u0153il<\/strong><\/h3>\n\n\n\n<figure class=\"wp-block-table alignwide is-style-stripes\"><table><thead><tr><td><strong>figure<\/strong><\/td><td><strong>d\u00e9tails<\/strong><\/td><\/tr><\/thead><tbody><tr><td><strong>attestations<\/strong><\/td><td>IKO (Organisation internationale de kitesurf), RYA (Association royale de Yachting), premiers secours\/CPR<\/td><\/tr><tr><td><strong>Langues parl\u00e9es<\/strong><\/td><td>Arabe, anglais, allemand et russe<\/td><\/tr><tr><td><strong>sp\u00e9cialisation<\/strong><\/td><td>Kitesurf, surf, navigation de bateaux et intervention d'urgence<\/td><\/tr><tr><td><strong>Focalisation de l'<\/strong><\/td><td>Instruction professionnelle adapt\u00e9e aux conditions uniques de Hurghada<\/td><\/tr><\/tbody><\/table><\/figure>\n\n\n\n<p>La capacit\u00e9 de l'\u00e9quipe \u00e0 communiquer dans quatre langues principales fait de l'\u00e9cole de surf des ma\u00eetres une destination id\u00e9ale pour les voyageurs internationaux qui cherchent \u00e0 ma\u00eetriser les vagues de la mer Rouge.<\/p>\n\n\n\n<div class=\"wp-block-yoast-seo-local-address\"><div id=\"wpseo_location-\" class=\"wpseo-location\"><h3><span class=\"wpseo-business-name\">Ma\u00eetres \u00c9cole de Surf<\/span><\/h3><div class=\"wpseo-address-wrapper\"><div class=\"street-address\">H\u00f4tel Titanic, Sahl Hashish Rd<br>Gouvernorat de la mer Rouge, <\/div><span class=\"locality\"> Hurghada<\/span>, <span  class=\"region\">Al Bahr Al Ahmar<\/span> <span class=\"postal-code\">84511<\/span><\/div><span class=\"wpseo-phone\">T\u00e9l\u00e9phone : <a href=\"tel:+201124823398\" class=\"tel\"><span>+201124823398<\/span><\/a><\/span><br\/><span class=\"wpseo-phone2nd\">T\u00e9l\u00e9phone 2 : <a href=\"tel:+201272284800\" class=\"tel\">+201272284800<\/a><\/span><br\/><span class=\"wpseo-email\">Courriel\u00a0: <a href=\"mailto:&#109;&#097;sters&#046;&#115;urf&#115;c&#104;&#111;&#111;&#108;&#064;gmail.com\">masters.surfschool@gmail.com<\/a><\/span><br\/><\/div><\/div>\n\n\n\n<div class=\"wp-block-yoast-seo-local-opening-hours\"><div class=\"wpseo-opening-hours-wrapper\"><table class=\"wpseo-opening-hours\" id =\"wpseo-opening-hours-\"><tr><td class=\"day\">lundi<\/td><td class=\"time\"><span>9h00 - 23h30<\/span><\/td><\/tr><tr><td class=\"day\">mardi<\/td><td class=\"time\"><span>9h00 - 23h30<\/span><\/td><\/tr><tr><td class=\"day\">mercredi<\/td><td class=\"time\"><span>9h00 - 23h30<\/span><\/td><\/tr><tr><td class=\"day\">Jeudi<\/td><td class=\"time\"><span>9h00 - 23h30<\/span><\/td><\/tr><tr><td class=\"day\">vendedi<\/td><td class=\"time\"><span>9h00 - 23h30<\/span><\/td><\/tr><tr><td class=\"day\">samedi<\/td><td class=\"time\"><span>9h00 - 23h30<\/span><\/td><\/tr><tr><td class=\"day\">dimanche<\/td><td class=\"time\"><span>9h00 - 23h30<\/span><\/td><\/tr><\/table><\/div><\/div>\n\n\n\n<style>\n  .responsive-map {\n    width: 100%;\n    height: auto;\n    aspect-ratio: 4 \/ 3; \/* Maintains 600:450 = 4:3 ratio *\/\n    border: 0;\n    display: block;\n  }\n<\/style>\n\n<iframe \n  class=\"responsive-map\"\n  src=\"https:\/\/www.google.com\/maps\/embed?pb=!1m18!1m12!1m3!1d3552.0264344708785!2d33.8516342!3d27.092462400000002!2m3!1f0!2f0!3f0!3m2!1i1024!2i768!4f13.1!3m3!1m2!1s0x145263418fd3e7c9%3A0xefd32b260372e39e!2sMasters%20Surf%20School%20-%20Kitesurf%20%26%20Windsurf!5e0!3m2!1sar!2seg!4v1775981359946!5m2!1sar!2seg\" \n  allowfullscreen=\"\" \n  loading=\"lazy\" \n  referrerpolicy=\"no-referrer-when-downgrade\">\n<\/iframe>","protected":false},"excerpt":{"rendered":"L'\u00e9cole de surf de Master \u00e0 Hurghada compte une \u00e9quipe diversifi\u00e9e et hautement qualifi\u00e9e de professionnels d\u00e9di\u00e9s \u00e0 la fourniture de\u2026","protected":false},"author":6,"featured_media":3364,"parent":0,"menu_order":0,"comment_status":"closed","ping_status":"closed","template":"","meta":{"_acf_changed":false,"_mbp_gutenberg_autopost":false,"glimpse_singular_sidebar":"disabled","glimpse_page_header_type":"overlay","glimpse_page_load_nextpost":"","footnotes":""},"class_list":{"0":"post-114","1":"page","2":"type-page","3":"status-publish","4":"has-post-thumbnail","6":"glimpse-entry"},"acf":[],"yoast_head":"<!-- This site is optimized with the Yoast SEO Premium plugin v27.3 (Yoast SEO v27.4) - https:\/\/yoast.com\/product\/yoast-seo-premium-wordpress\/ -->\n<title>Meet the Masters Surf School Team - Masters surf school<\/title>\n<meta name=\"robots\" content=\"index, follow, max-snippet:-1, max-image-preview:large, max-video-preview:-1\" \/>\n<link rel=\"canonical\" href=\"https:\/\/masterssurfschool.com\/fr\/team\/\" \/>\n<meta property=\"og:locale\" content=\"fr_FR\" \/>\n<meta property=\"og:type\" content=\"article\" \/>\n<meta property=\"og:title\" content=\"Meet the Masters Surf School Team\" \/>\n<meta property=\"og:description\" content=\"Masters Surf School in Hurghada boasts a diverse and highly qualified team of professionals dedicated to providing top-tier&hellip;\" \/>\n<meta property=\"og:url\" content=\"https:\/\/masterssurfschool.com\/fr\/team\/\" \/>\n<meta property=\"og:site_name\" content=\"Masters surf school\" \/>\n<meta property=\"article:publisher\" content=\"https:\/\/www.facebook.com\/masters.surf.school\" \/>\n<meta property=\"article:modified_time\" content=\"2026-04-13T10:54:47+00:00\" \/>\n<meta property=\"og:image\" content=\"https:\/\/masterssurfschool.com\/wp-content\/uploads\/2026\/03\/Hurghada-Kitesurfing-Windsurfing-school-Masters-Surf-School-in-Hurghada-8.jpeg\" \/>\n\t<meta property=\"og:image:width\" content=\"1600\" \/>\n\t<meta property=\"og:image:height\" content=\"1176\" \/>\n\t<meta property=\"og:image:type\" content=\"image\/jpeg\" \/>\n<meta name=\"twitter:card\" content=\"summary_large_image\" \/>\n<meta name=\"twitter:label1\" content=\"Dur\u00e9e de lecture estim\u00e9e\" \/>\n\t<meta name=\"twitter:data1\" content=\"3 minutes\" \/>\n<script type=\"application\/ld+json\" class=\"yoast-schema-graph\">{\"@context\":\"https:\\\/\\\/schema.org\",\"@graph\":[{\"@type\":\"WebPage\",\"@id\":\"https:\\\/\\\/masterssurfschool.com\\\/team\\\/\",\"url\":\"https:\\\/\\\/masterssurfschool.com\\\/team\\\/\",\"name\":\"Meet the Masters Surf School Team - Masters surf school\",\"isPartOf\":{\"@id\":\"https:\\\/\\\/masterssurfschool.com\\\/#website\"},\"primaryImageOfPage\":{\"@id\":\"https:\\\/\\\/masterssurfschool.com\\\/team\\\/#primaryimage\"},\"image\":{\"@id\":\"https:\\\/\\\/masterssurfschool.com\\\/team\\\/#primaryimage\"},\"thumbnailUrl\":\"https:\\\/\\\/masterssurfschool.com\\\/wp-content\\\/uploads\\\/2026\\\/03\\\/Hurghada-Kitesurfing-Windsurfing-school-Masters-Surf-School-in-Hurghada-8.jpeg\",\"datePublished\":\"2020-07-16T04:16:25+00:00\",\"dateModified\":\"2026-04-13T10:54:47+00:00\",\"breadcrumb\":{\"@id\":\"https:\\\/\\\/masterssurfschool.com\\\/team\\\/#breadcrumb\"},\"inLanguage\":\"fr-FR\",\"potentialAction\":[{\"@type\":\"ReadAction\",\"target\":[\"https:\\\/\\\/masterssurfschool.com\\\/team\\\/\"]}]},{\"@type\":\"ImageObject\",\"inLanguage\":\"fr-FR\",\"@id\":\"https:\\\/\\\/masterssurfschool.com\\\/team\\\/#primaryimage\",\"url\":\"https:\\\/\\\/masterssurfschool.com\\\/wp-content\\\/uploads\\\/2026\\\/03\\\/Hurghada-Kitesurfing-Windsurfing-school-Masters-Surf-School-in-Hurghada-8.jpeg\",\"contentUrl\":\"https:\\\/\\\/masterssurfschool.com\\\/wp-content\\\/uploads\\\/2026\\\/03\\\/Hurghada-Kitesurfing-Windsurfing-school-Masters-Surf-School-in-Hurghada-8.jpeg\",\"width\":1600,\"height\":1176,\"caption\":\"Kitesurfing Hurghada & Windsurfing school Masters Surf School Coaches' team in Hurghada\"},{\"@type\":\"BreadcrumbList\",\"@id\":\"https:\\\/\\\/masterssurfschool.com\\\/team\\\/#breadcrumb\",\"itemListElement\":[{\"@type\":\"ListItem\",\"position\":1,\"name\":\"Masters Surf School\",\"item\":\"https:\\\/\\\/masterssurfschool.com\\\/\"},{\"@type\":\"ListItem\",\"position\":2,\"name\":\"Meet the Masters Surf School Team\"}]},{\"@type\":\"WebSite\",\"@id\":\"https:\\\/\\\/masterssurfschool.com\\\/#website\",\"url\":\"https:\\\/\\\/masterssurfschool.com\\\/\",\"name\":\"Masters surf school\",\"description\":\"Best Hurghada Kitesurfing &amp; Windsurfing school\",\"publisher\":{\"@id\":\"https:\\\/\\\/masterssurfschool.com\\\/#organization\"},\"alternateName\":\"Masters surf school\",\"potentialAction\":[{\"@type\":\"SearchAction\",\"target\":{\"@type\":\"EntryPoint\",\"urlTemplate\":\"https:\\\/\\\/masterssurfschool.com\\\/?s={search_term_string}\"},\"query-input\":{\"@type\":\"PropertyValueSpecification\",\"valueRequired\":true,\"valueName\":\"search_term_string\"}}],\"inLanguage\":\"fr-FR\"},{\"@type\":[\"Organization\",\"Place\"],\"@id\":\"https:\\\/\\\/masterssurfschool.com\\\/#organization\",\"name\":\"Masters Surf School\",\"alternateName\":\"Masters surf school\",\"url\":\"https:\\\/\\\/masterssurfschool.com\\\/\",\"logo\":{\"@id\":\"https:\\\/\\\/masterssurfschool.com\\\/team\\\/#local-main-organization-logo\"},\"image\":{\"@id\":\"https:\\\/\\\/masterssurfschool.com\\\/team\\\/#local-main-organization-logo\"},\"sameAs\":[\"https:\\\/\\\/www.facebook.com\\\/masters.surf.school\",\"https:\\\/\\\/www.instagram.com\\\/masters_surf_school\\\/\"],\"description\":\"Masters Surf School is a premier water sports center with over 25 years of experience in Hurghada, Egypt. Operating from more than 4 locations along the Red Sea coast, we are dedicated to providing world-class kitesurfing and windsurfing experiences. Our team of internationally certified (IKO) instructors guides you in ideal conditions\u2014shallow lagoons with consistent winds\u2014ensuring safe, fast, and unforgettable progress. From beginner lessons to advanced coaching, catamaran sailing, and kite safaris, we offer complimentary hotel transfers and top-quality equipment for your adventure.\",\"legalName\":\"Masters surf school\",\"foundingDate\":\"2020-01-06\",\"numberOfEmployees\":{\"@type\":\"QuantitativeValue\",\"minValue\":\"1\",\"maxValue\":\"10\"},\"address\":{\"@id\":\"https:\\\/\\\/masterssurfschool.com\\\/team\\\/#local-main-place-address\"},\"telephone\":[\"+201124823398\",\"+201272284800\"],\"contactPoint\":{\"@type\":\"ContactPoint\",\"telephone\":\"+2011 24823398\",\"email\":\"masters.surfschool@gmail.com\"},\"openingHoursSpecification\":[{\"@type\":\"OpeningHoursSpecification\",\"dayOfWeek\":[\"Monday\",\"Tuesday\",\"Wednesday\",\"Thursday\",\"Friday\",\"Saturday\",\"Sunday\"],\"opens\":\"09:00\",\"closes\":\"23:30\"}],\"email\":\"masters.surfschool@gmail.com\"},{\"@type\":\"PostalAddress\",\"@id\":\"https:\\\/\\\/masterssurfschool.com\\\/team\\\/#local-main-place-address\",\"streetAddress\":\"Titanic Hotel, Sahl Hashish Rd, Red Sea Governorate\",\"addressLocality\":\"HURGHADA\",\"postalCode\":\"84511\",\"addressRegion\":\"Al Bahr al Ahmar\",\"addressCountry\":\"EG\"},{\"@type\":\"ImageObject\",\"inLanguage\":\"fr-FR\",\"@id\":\"https:\\\/\\\/masterssurfschool.com\\\/team\\\/#local-main-organization-logo\",\"url\":\"https:\\\/\\\/masterssurfschool.com\\\/wp-content\\\/uploads\\\/2025\\\/10\\\/cropped-logo.png\",\"contentUrl\":\"https:\\\/\\\/masterssurfschool.com\\\/wp-content\\\/uploads\\\/2025\\\/10\\\/cropped-logo.png\",\"width\":512,\"height\":512,\"caption\":\"Masters Surf School\"}]}<\/script>\n<meta name=\"geo.placename\" content=\"HURGHADA\" \/>\n<meta name=\"geo.region\" content=\"\u00c9gypte\" \/>\n<!-- \/ Yoast SEO Premium plugin. -->","yoast_head_json":{"title":"Rencontrez l'\u00e9quipe de l'\u00e9cole de surf de ma\u00eetre - Ma\u00eetres surf \u00e9cole","robots":{"index":"index","follow":"follow","max-snippet":"max-snippet:-1","max-image-preview":"max-image-preview:large","max-video-preview":"max-video-preview:-1"},"canonical":"https:\/\/masterssurfschool.com\/fr\/team\/","og_locale":"fr_FR","og_type":"article","og_title":"Meet the Masters Surf School Team","og_description":"Masters Surf School in Hurghada boasts a diverse and highly qualified team of professionals dedicated to providing top-tier&hellip;","og_url":"https:\/\/masterssurfschool.com\/fr\/team\/","og_site_name":"Masters surf school","article_publisher":"https:\/\/www.facebook.com\/masters.surf.school","article_modified_time":"2026-04-13T10:54:47+00:00","og_image":[{"width":1600,"height":1176,"url":"https:\/\/masterssurfschool.com\/wp-content\/uploads\/2026\/03\/Hurghada-Kitesurfing-Windsurfing-school-Masters-Surf-School-in-Hurghada-8.jpeg","type":"image\/jpeg"}],"twitter_card":"summary_large_image","twitter_misc":{"Dur\u00e9e de lecture estim\u00e9e":"3 minutes"},"schema":{"@context":"https:\/\/schema.org","@graph":[{"@type":"WebPage","@id":"https:\/\/masterssurfschool.com\/team\/","url":"https:\/\/masterssurfschool.com\/team\/","name":"Rencontrez l'\u00e9quipe de l'\u00e9cole de surf de ma\u00eetre - Ma\u00eetres surf \u00e9cole","isPartOf":{"@id":"https:\/\/masterssurfschool.com\/#website"},"primaryImageOfPage":{"@id":"https:\/\/masterssurfschool.com\/team\/#primaryimage"},"image":{"@id":"https:\/\/masterssurfschool.com\/team\/#primaryimage"},"thumbnailUrl":"https:\/\/masterssurfschool.com\/wp-content\/uploads\/2026\/03\/Hurghada-Kitesurfing-Windsurfing-school-Masters-Surf-School-in-Hurghada-8.jpeg","datePublished":"2020-07-16T04:16:25+00:00","dateModified":"2026-04-13T10:54:47+00:00","breadcrumb":{"@id":"https:\/\/masterssurfschool.com\/team\/#breadcrumb"},"inLanguage":"fr-FR","potentialAction":[{"@type":"ReadAction","target":["https:\/\/masterssurfschool.com\/team\/"]}]},{"@type":"ImageObject","inLanguage":"fr-FR","@id":"https:\/\/masterssurfschool.com\/team\/#primaryimage","url":"https:\/\/masterssurfschool.com\/wp-content\/uploads\/2026\/03\/Hurghada-Kitesurfing-Windsurfing-school-Masters-Surf-School-in-Hurghada-8.jpeg","contentUrl":"https:\/\/masterssurfschool.com\/wp-content\/uploads\/2026\/03\/Hurghada-Kitesurfing-Windsurfing-school-Masters-Surf-School-in-Hurghada-8.jpeg","width":1600,"height":1176,"caption":"Kitesurfing Hurghada & Windsurfing school Masters Surf School Coaches' team in Hurghada"},{"@type":"BreadcrumbList","@id":"https:\/\/masterssurfschool.com\/team\/#breadcrumb","itemListElement":[{"@type":"ListItem","position":1,"name":"Masters Surf School","item":"https:\/\/masterssurfschool.com\/"},{"@type":"ListItem","position":2,"name":"Meet the Masters Surf School Team"}]},{"@type":"WebSite","@id":"https:\/\/masterssurfschool.com\/#website","url":"https:\/\/masterssurfschool.com\/","name":"Ma\u00eetres \u00c9cole de Surf","description":"Meilleure \u00e9cole de kitesurf et de planche \u00e0 voile","publisher":{"@id":"https:\/\/masterssurfschool.com\/#organization"},"alternateName":"Masters surf school","potentialAction":[{"@type":"SearchAction","target":{"@type":"EntryPoint","urlTemplate":"https:\/\/masterssurfschool.com\/?s={search_term_string}"},"query-input":{"@type":"PropertyValueSpecification","valueRequired":true,"valueName":"search_term_string"}}],"inLanguage":"fr-FR"},{"@type":["Organization","Place"],"@id":"https:\/\/masterssurfschool.com\/#organization","name":"Ma\u00eetres \u00c9cole de Surf","alternateName":"Masters surf school","url":"https:\/\/masterssurfschool.com\/","logo":{"@id":"https:\/\/masterssurfschool.com\/team\/#local-main-organization-logo"},"image":{"@id":"https:\/\/masterssurfschool.com\/team\/#local-main-organization-logo"},"sameAs":["https:\/\/www.facebook.com\/masters.surf.school","https:\/\/www.instagram.com\/masters_surf_school\/"],"description":"Masters Surf School est un centre de sports nautiques de premier plan avec plus de 25 ans d'exp\u00e9rience \u00e0 Hurghada, en \u00c9gypte. Op\u00e9rant \u00e0 partir de plus de 4 sites le long de la c\u00f4te de la mer Rouge, nous nous engageons \u00e0 fournir des exp\u00e9riences de kitesurf et de planche \u00e0 voile de classe mondiale. Notre \u00e9quipe d'instructeurs certifi\u00e9s internationalement (IKO) vous guide dans des conditions id\u00e9ales, des lagunes peu profondes avec des vents constants, qui garantissent des progr\u00e8s s\u00fbrs, rapides et inoubliables. Des le\u00e7ons de d\u00e9butant au coaching avanc\u00e9, en passant par la voile en catamaran et les safaris de cerf-volant, nous proposons des transferts h\u00f4teliers gratuits et des \u00e9quipements de qualit\u00e9 pour votre aventure.","legalName":"Masters surf school","foundingDate":"2020-01-06","numberOfEmployees":{"@type":"QuantitativeValue","minValue":"1","maxValue":"10"},"address":{"@id":"https:\/\/masterssurfschool.com\/team\/#local-main-place-address"},"telephone":["+201124823398","+201272284800"],"contactPoint":{"@type":"ContactPoint","telephone":"+2011 24823398","email":"masters.surfschool@gmail.com"},"openingHoursSpecification":[{"@type":"OpeningHoursSpecification","dayOfWeek":["Monday","Tuesday","Wednesday","Thursday","Friday","Saturday","Sunday"],"opens":"09:00","closes":"23:30"}],"email":"masters.surfschool@gmail.com"},{"@type":"PostalAddress","@id":"https:\/\/masterssurfschool.com\/team\/#local-main-place-address","streetAddress":"Titanic Hotel, Sahl Hashish Rd, Red Sea Governorate","addressLocality":"HURGHADA","postalCode":"84511","addressRegion":"Al Bahr al Ahmar","addressCountry":"EG"},{"@type":"ImageObject","inLanguage":"fr-FR","@id":"https:\/\/masterssurfschool.com\/team\/#local-main-organization-logo","url":"https:\/\/masterssurfschool.com\/wp-content\/uploads\/2025\/10\/cropped-logo.png","contentUrl":"https:\/\/masterssurfschool.com\/wp-content\/uploads\/2025\/10\/cropped-logo.png","width":512,"height":512,"caption":"Masters Surf School"}]},"geo.placename":"HURGHADA","geo.region":"\u00c9gypte"},"_links":{"self":[{"href":"https:\/\/masterssurfschool.com\/fr\/wp-json\/wp\/v2\/pages\/114","targetHints":{"allow":["GET"]}}],"collection":[{"href":"https:\/\/masterssurfschool.com\/fr\/wp-json\/wp\/v2\/pages"}],"about":[{"href":"https:\/\/masterssurfschool.com\/fr\/wp-json\/wp\/v2\/types\/page"}],"author":[{"embeddable":true,"href":"https:\/\/masterssurfschool.com\/fr\/wp-json\/wp\/v2\/users\/6"}],"replies":[{"embeddable":true,"href":"https:\/\/masterssurfschool.com\/fr\/wp-json\/wp\/v2\/comments?post=114"}],"version-history":[{"count":42,"href":"https:\/\/masterssurfschool.com\/fr\/wp-json\/wp\/v2\/pages\/114\/revisions"}],"predecessor-version":[{"id":3827,"href":"https:\/\/masterssurfschool.com\/fr\/wp-json\/wp\/v2\/pages\/114\/revisions\/3827"}],"wp:featuredmedia":[{"embeddable":true,"href":"https:\/\/masterssurfschool.com\/fr\/wp-json\/wp\/v2\/media\/3364"}],"wp:attachment":[{"href":"https:\/\/masterssurfschool.com\/fr\/wp-json\/wp\/v2\/media?parent=114"}],"curies":[{"name":"WP","href":"https:\/\/api.w.org\/{rel}","templated":true}]}}