{"id":3336,"date":"2026-03-17T02:11:52","date_gmt":"2026-03-17T00:11:52","guid":{"rendered":"https:\/\/masterssurfschool.com\/?page_id=3336"},"modified":"2026-03-17T02:11:52","modified_gmt":"2026-03-17T00:11:52","slug":"privacy-policy","status":"publish","type":"page","link":"https:\/\/masterssurfschool.com\/es\/privacy-policy\/","title":{"rendered":"Pol\u00edtica de privacidad"},"content":{"rendered":"<p>\u00daltima actualizaci\u00f3n: 16 de marzo de 2026<\/p>\n\n\n\n<p>Bienvenido a la Escuela de Surf Masters. Su privacidad es importante para nosotros. Esta Pol\u00edtica de Privacidad explica c\u00f3mo recopilamos, usamos y protegemos su informaci\u00f3n cuando visita nuestro sitio web <a href=\"https:\/\/masterssurfschool.com\/es\/\">https:\/\/masterssurfschool.com\/<\/a>.<\/p>\n\n\n\n<p>Masters Surf School tiene su sede en Hurghada, Egipto y ofrece entrenamiento de kitesurf, windsurf y deportes acu\u00e1ticos con instructores profesionales y equipos de alta calidad.<\/p>\n\n\n\n<p>Al utilizar nuestro sitio web, usted acepta la recopilaci\u00f3n y el uso de la informaci\u00f3n de acuerdo con esta Pol\u00edtica.<\/p>\n\n\n\n<ol class=\"wp-block-list\">\n<li>Informaci\u00f3n que recopilamos<\/li>\n<\/ol>\n\n\n\n<p>Cuando visita nuestro sitio web, podemos recopilar cierta informaci\u00f3n de las siguientes maneras:<\/p>\n\n\n\n<p>informaci\u00f3n personal<br>Puede proporcionar voluntariamente informaci\u00f3n personal cuando:<\/p>\n\n\n\n<p>\u2022 Cont\u00e1ctenos a trav\u00e9s de un formulario<br>\u2022 Env\u00edenos un correo electr\u00f3nico<br>\u2022 Reserve una lecci\u00f3n o actividad<br>\u2022 Suscr\u00edbete a las actualizaciones<\/p>\n\n\n\n<p>Esta informaci\u00f3n puede incluir:<\/p>\n\n\n\n<p>\u2022 Nombre<br>\u2022 Direcci\u00f3n de correo electr\u00f3nico<br>\u2022 N\u00famero de tel\u00e9fono o WhatsApp<br>\u2022 Cualquier informaci\u00f3n que incluya en su mensaje<\/p>\n\n\n\n<p>informaci\u00f3n no personal<br>Tambi\u00e9n podemos recopilar autom\u00e1ticamente informaci\u00f3n t\u00e9cnica como:<\/p>\n\n\n\n<p>\u2022 Direcci\u00f3n IP<br>\u2022 Tipo de navegador<br>\u2022 Informaci\u00f3n del dispositivo<br>\u2022 P\u00e1ginas visitadas en nuestro sitio web<br>\u2022 Fecha y hora de las visitas<\/p>\n\n\n\n<p>Esta informaci\u00f3n nos ayuda a mejorar nuestro sitio web y servicios.<\/p>\n\n\n\n<ol start=\"2\" class=\"wp-block-list\">\n<li>C\u00f3mo usamos su informaci\u00f3n<\/li>\n<\/ol>\n\n\n\n<p>La informaci\u00f3n que recopilamos puede utilizarse para:<\/p>\n\n\n\n<p>\u2022 Responda a sus consultas<br>\u2022 Procesar reservas o solicitudes de lecciones<br>\u2022 Proporcionar atenci\u00f3n al cliente<br>\u2022 Mejorar el rendimiento de nuestro sitio web<br>\u2022 Analizar el tr\u00e1fico del sitio web y el comportamiento de los visitantes<br>\u2022 Enviar actualizaciones importantes relacionadas con nuestros servicios<\/p>\n\n\n\n<p>No vendemos, alquilamos ni intercambiamos su informaci\u00f3n personal a terceros.<\/p>\n\n\n\n<ol start=\"3\" class=\"wp-block-list\">\n<li>galletas<\/li>\n<\/ol>\n\n\n\n<p>Nuestro sitio web puede utilizar cookies para mejorar su experiencia de navegaci\u00f3n.<\/p>\n\n\n\n<p>Las cookies son peque\u00f1os archivos almacenados en su dispositivo que nos ayudan a entender c\u00f3mo interact\u00faan los visitantes con el sitio web.<\/p>\n\n\n\n<p>Las cookies pueden ser utilizadas para:<\/p>\n\n\n\n<p>\u2022 An\u00e1lisis de sitios web<br>\u2022 Optimizaci\u00f3n del rendimiento<br>\u2022 Mejoras de la experiencia del usuario<\/p>\n\n\n\n<p>Puede deshabilitar las cookies en la configuraci\u00f3n de su navegador si prefiere no permitirlas.<\/p>\n\n\n\n<ol start=\"4\" class=\"wp-block-list\">\n<li>Servicios de terceros<\/li>\n<\/ol>\n\n\n\n<p>Podemos utilizar servicios de terceros de confianza para operar nuestro sitio web y analizar el tr\u00e1fico. Estos servicios pueden incluir:<\/p>\n\n\n\n<p>\u2022 Herramientas de an\u00e1lisis de sitios web<br>\u2022 Reservar o poner en contacto plataformas<br>\u2022 Integraciones de redes sociales<\/p>\n\n\n\n<p>Estos terceros pueden recopilar informaci\u00f3n de acuerdo con sus propias pol\u00edticas de privacidad.<\/p>\n\n\n\n<ol start=\"5\" class=\"wp-block-list\">\n<li>Seguridad de datos<\/li>\n<\/ol>\n\n\n\n<p>Tomamos medidas razonables para proteger su informaci\u00f3n personal contra el acceso, mal uso o divulgaci\u00f3n no autorizados.<\/p>\n\n\n\n<p>Sin embargo, ning\u00fan m\u00e9todo de transmisi\u00f3n a trav\u00e9s de Internet o almacenamiento electr\u00f3nico es completamente seguro y no podemos garantizar una seguridad absoluta.<\/p>\n\n\n\n<ol start=\"6\" class=\"wp-block-list\">\n<li>Enlaces externos<\/li>\n<\/ol>\n\n\n\n<p>Nuestro sitio web puede contener enlaces a sitios web externos. No somos responsables de las pr\u00e1cticas de privacidad o el contenido de esos sitios web.<\/p>\n\n\n\n<p>Recomendamos revisar las pol\u00edticas de privacidad de cualquier sitio web de terceros que visite.<\/p>\n\n\n\n<ol start=\"7\" class=\"wp-block-list\">\n<li>Privacidad de los ni\u00f1os<\/li>\n<\/ol>\n\n\n\n<p>Nuestro sitio web y servicios no est\u00e1n dirigidos a ni\u00f1os menores de 13 a\u00f1os. No recopilamos a sabiendas informaci\u00f3n personal de los ni\u00f1os.<\/p>\n\n\n\n<p>Si cree que un ni\u00f1o ha proporcionado informaci\u00f3n personal a trav\u00e9s de nuestro sitio web, cont\u00e1ctenos para que podamos eliminar la informaci\u00f3n.<\/p>\n\n\n\n<ol start=\"8\" class=\"wp-block-list\">\n<li>SUS DERECHOS<\/li>\n<\/ol>\n\n\n\n<p>Dependiendo de su ubicaci\u00f3n, puede tener derechos con respecto a sus datos personales, incluido el derecho a:<\/p>\n\n\n\n<p>\u2022 Solicitar acceso a sus datos personales<br>\u2022 Solicitar correcci\u00f3n de informaci\u00f3n inexacta<br>\u2022 Solicitar la eliminaci\u00f3n de sus datos<\/p>\n\n\n\n<p>Puede contactarnos en cualquier momento con respecto a su informaci\u00f3n personal.<\/p>\n\n\n\n<ol start=\"9\" class=\"wp-block-list\">\n<li>Cambios a esta Pol\u00edtica de Privacidad<\/li>\n<\/ol>\n\n\n\n<p>Masters Surf School puede actualizar esta Pol\u00edtica de privacidad de vez en cuando. Cualquier actualizaci\u00f3n se publicar\u00e1 en esta p\u00e1gina con la fecha de actualizaci\u00f3n.<\/p>\n\n\n\n<p>Animamos a los visitantes a revisar esta p\u00e1gina peri\u00f3dicamente.<\/p>\n\n\n\n<ol start=\"10\" class=\"wp-block-list\">\n<li>Cont\u00e1ctenos<\/li>\n<\/ol>\n\n\n\n<p>Si tiene alguna pregunta sobre esta Pol\u00edtica de Privacidad o sobre c\u00f3mo se manejan sus datos, cont\u00e1ctenos a trav\u00e9s de nuestro sitio web:<\/p>\n\n\n\n<p>Escuela de surf de maestr\u00eda<br>Hurghada, Mar Rojo, Egipto<\/p>\n\n\n\n<p>Masters Surf School en Hurghada ofrece entrenamiento profesional de kitesurf y windsurf con equipos de alta calidad e instructores experimentados, ayudando a los visitantes a disfrutar de experiencias de deportes acu\u00e1ticos seguras e inolvidables en el Mar Rojo.<\/p>","protected":false},"excerpt":{"rendered":"\u00daltima actualizaci\u00f3n: 16 de marzo de 2026 Bienvenido a la Escuela de Surf Masters. Su privacidad es importante para nosotros. Esta privacidad\u2026","protected":false},"author":7,"featured_media":0,"parent":0,"menu_order":0,"comment_status":"closed","ping_status":"closed","template":"","meta":{"_acf_changed":false,"_mbp_gutenberg_autopost":false,"glimpse_singular_sidebar":"disabled","glimpse_page_header_type":"title","glimpse_page_load_nextpost":"","footnotes":""},"class_list":{"0":"post-3336","1":"page","2":"type-page","3":"status-publish","5":"glimpse-entry"},"acf":[],"yoast_head":"<!-- This site is optimized with the Yoast SEO Premium plugin v27.4 (Yoast SEO v27.5) - https:\/\/yoast.com\/product\/yoast-seo-premium-wordpress\/ -->\n<title>Privacy Policy - Masters surf school<\/title>\n<meta name=\"description\" content=\"Masters Surf School in Hurghada provides professional kitesurfing and windsurfing training\" \/>\n<meta name=\"robots\" content=\"index, follow, max-snippet:-1, max-image-preview:large, max-video-preview:-1\" \/>\n<link rel=\"canonical\" href=\"https:\/\/masterssurfschool.com\/es\/privacy-policy\/\" \/>\n<meta property=\"og:locale\" content=\"es_ES\" \/>\n<meta property=\"og:type\" content=\"article\" \/>\n<meta property=\"og:title\" content=\"Privacy Policy\" \/>\n<meta property=\"og:description\" content=\"Masters Surf School in Hurghada provides professional kitesurfing and windsurfing training\" \/>\n<meta property=\"og:url\" content=\"https:\/\/masterssurfschool.com\/es\/privacy-policy\/\" \/>\n<meta property=\"og:site_name\" content=\"Masters surf school\" \/>\n<meta property=\"article:publisher\" content=\"https:\/\/www.facebook.com\/masters.surf.school\" \/>\n<meta property=\"og:image\" content=\"https:\/\/masterssurfschool.com\/wp-content\/uploads\/2025\/10\/Untitled-2-99.png\" \/>\n\t<meta property=\"og:image:width\" content=\"900\" \/>\n\t<meta property=\"og:image:height\" content=\"600\" \/>\n\t<meta property=\"og:image:type\" content=\"image\/png\" \/>\n<meta name=\"twitter:card\" content=\"summary_large_image\" \/>\n<meta name=\"twitter:description\" content=\"Masters Surf School in Hurghada provides professional kitesurfing and windsurfing training\" \/>\n<meta name=\"twitter:label1\" content=\"Tiempo de lectura\" \/>\n\t<meta name=\"twitter:data1\" content=\"3 minutos\" \/>\n<script type=\"application\/ld+json\" class=\"yoast-schema-graph\">{\"@context\":\"https:\\\/\\\/schema.org\",\"@graph\":[{\"@type\":\"WebPage\",\"@id\":\"https:\\\/\\\/masterssurfschool.com\\\/privacy-policy\\\/\",\"url\":\"https:\\\/\\\/masterssurfschool.com\\\/privacy-policy\\\/\",\"name\":\"Privacy Policy - Masters surf school\",\"isPartOf\":{\"@id\":\"https:\\\/\\\/masterssurfschool.com\\\/#website\"},\"datePublished\":\"2026-03-17T00:11:52+00:00\",\"description\":\"Masters Surf School in Hurghada provides professional kitesurfing and windsurfing training\",\"breadcrumb\":{\"@id\":\"https:\\\/\\\/masterssurfschool.com\\\/privacy-policy\\\/#breadcrumb\"},\"inLanguage\":\"es\",\"potentialAction\":[{\"@type\":\"ReadAction\",\"target\":[\"https:\\\/\\\/masterssurfschool.com\\\/privacy-policy\\\/\"]}]},{\"@type\":\"BreadcrumbList\",\"@id\":\"https:\\\/\\\/masterssurfschool.com\\\/privacy-policy\\\/#breadcrumb\",\"itemListElement\":[{\"@type\":\"ListItem\",\"position\":1,\"name\":\"Masters Surf School\",\"item\":\"https:\\\/\\\/masterssurfschool.com\\\/\"},{\"@type\":\"ListItem\",\"position\":2,\"name\":\"Privacy Policy\"}]},{\"@type\":\"WebSite\",\"@id\":\"https:\\\/\\\/masterssurfschool.com\\\/#website\",\"url\":\"https:\\\/\\\/masterssurfschool.com\\\/\",\"name\":\"Masters surf school\",\"description\":\"Best Hurghada Kitesurfing &amp; Windsurfing school\",\"publisher\":{\"@id\":\"https:\\\/\\\/masterssurfschool.com\\\/#organization\"},\"alternateName\":\"Masters surf school\",\"potentialAction\":[{\"@type\":\"SearchAction\",\"target\":{\"@type\":\"EntryPoint\",\"urlTemplate\":\"https:\\\/\\\/masterssurfschool.com\\\/?s={search_term_string}\"},\"query-input\":{\"@type\":\"PropertyValueSpecification\",\"valueRequired\":true,\"valueName\":\"search_term_string\"}}],\"inLanguage\":\"es\"},{\"@type\":[\"Organization\",\"Place\"],\"@id\":\"https:\\\/\\\/masterssurfschool.com\\\/#organization\",\"name\":\"Masters Surf School\",\"alternateName\":\"Masters surf school\",\"url\":\"https:\\\/\\\/masterssurfschool.com\\\/\",\"logo\":{\"@id\":\"https:\\\/\\\/masterssurfschool.com\\\/privacy-policy\\\/#local-main-organization-logo\"},\"image\":{\"@id\":\"https:\\\/\\\/masterssurfschool.com\\\/privacy-policy\\\/#local-main-organization-logo\"},\"sameAs\":[\"https:\\\/\\\/www.facebook.com\\\/masters.surf.school\",\"https:\\\/\\\/www.instagram.com\\\/masters_surf_school\\\/\",\"https:\\\/\\\/www.youtube.com\\\/@masterssurfschool\"],\"description\":\"Masters Surf School is a premier water sports center with over 25 years of experience in Hurghada, Egypt. Operating from more than 4 locations along the Red Sea coast, we are dedicated to providing world-class kitesurfing and windsurfing experiences. Our team of internationally certified (IKO) instructors guides you in ideal conditions\u2014shallow lagoons with consistent winds\u2014ensuring safe, fast, and unforgettable progress. From beginner lessons to advanced coaching, catamaran sailing, and kite safaris, we offer complimentary hotel transfers and top-quality equipment for your adventure.\",\"legalName\":\"Masters surf school\",\"foundingDate\":\"2020-01-06\",\"numberOfEmployees\":{\"@type\":\"QuantitativeValue\",\"minValue\":\"1\",\"maxValue\":\"10\"},\"address\":{\"@id\":\"https:\\\/\\\/masterssurfschool.com\\\/privacy-policy\\\/#local-main-place-address\"},\"telephone\":[\"+201124823398\",\"+201272284800\"],\"contactPoint\":{\"@type\":\"ContactPoint\",\"telephone\":\"+2011 24823398\",\"email\":\"masters.surfschool@gmail.com\"},\"openingHoursSpecification\":[{\"@type\":\"OpeningHoursSpecification\",\"dayOfWeek\":[\"Monday\",\"Tuesday\",\"Wednesday\",\"Thursday\",\"Friday\",\"Saturday\",\"Sunday\"],\"opens\":\"09:00\",\"closes\":\"23:30\"}],\"email\":\"masters.surfschool@gmail.com\"},{\"@type\":\"PostalAddress\",\"@id\":\"https:\\\/\\\/masterssurfschool.com\\\/privacy-policy\\\/#local-main-place-address\",\"streetAddress\":\"Titanic Hotel, Sahl Hashish Rd, Red Sea Governorate\",\"addressLocality\":\"HURGHADA\",\"postalCode\":\"84511\",\"addressRegion\":\"Al Bahr al Ahmar\",\"addressCountry\":\"EG\"},{\"@type\":\"ImageObject\",\"inLanguage\":\"es\",\"@id\":\"https:\\\/\\\/masterssurfschool.com\\\/privacy-policy\\\/#local-main-organization-logo\",\"url\":\"https:\\\/\\\/masterssurfschool.com\\\/wp-content\\\/uploads\\\/2025\\\/10\\\/cropped-logo.png\",\"contentUrl\":\"https:\\\/\\\/masterssurfschool.com\\\/wp-content\\\/uploads\\\/2025\\\/10\\\/cropped-logo.png\",\"width\":512,\"height\":512,\"caption\":\"Masters Surf School\"}]}<\/script>\n<meta name=\"geo.placename\" content=\"HURGHADA\" \/>\n<meta name=\"geo.region\" content=\"Egipto\" \/>\n<!-- \/ Yoast SEO Premium plugin. -->","yoast_head_json":{"title":"Pol\u00edtica de Privacidad - Escuela de Surf Masters","description":"Masters Surf School en Hurghada ofrece entrenamiento profesional de kitesurf y windsurfing","robots":{"index":"index","follow":"follow","max-snippet":"max-snippet:-1","max-image-preview":"max-image-preview:large","max-video-preview":"max-video-preview:-1"},"canonical":"https:\/\/masterssurfschool.com\/es\/privacy-policy\/","og_locale":"es_ES","og_type":"article","og_title":"Privacy Policy","og_description":"Masters Surf School in Hurghada provides professional kitesurfing and windsurfing training","og_url":"https:\/\/masterssurfschool.com\/es\/privacy-policy\/","og_site_name":"Masters surf school","article_publisher":"https:\/\/www.facebook.com\/masters.surf.school","og_image":[{"width":900,"height":600,"url":"https:\/\/masterssurfschool.com\/wp-content\/uploads\/2025\/10\/Untitled-2-99.png","type":"image\/png"}],"twitter_card":"summary_large_image","twitter_description":"Masters Surf School in Hurghada provides professional kitesurfing and windsurfing training","twitter_misc":{"Tiempo de lectura":"3 minutos"},"schema":{"@context":"https:\/\/schema.org","@graph":[{"@type":"WebPage","@id":"https:\/\/masterssurfschool.com\/privacy-policy\/","url":"https:\/\/masterssurfschool.com\/privacy-policy\/","name":"Pol\u00edtica de Privacidad - Escuela de Surf Masters","isPartOf":{"@id":"https:\/\/masterssurfschool.com\/#website"},"datePublished":"2026-03-17T00:11:52+00:00","description":"Masters Surf School en Hurghada ofrece entrenamiento profesional de kitesurf y windsurfing","breadcrumb":{"@id":"https:\/\/masterssurfschool.com\/privacy-policy\/#breadcrumb"},"inLanguage":"es","potentialAction":[{"@type":"ReadAction","target":["https:\/\/masterssurfschool.com\/privacy-policy\/"]}]},{"@type":"BreadcrumbList","@id":"https:\/\/masterssurfschool.com\/privacy-policy\/#breadcrumb","itemListElement":[{"@type":"ListItem","position":1,"name":"Masters Surf School","item":"https:\/\/masterssurfschool.com\/"},{"@type":"ListItem","position":2,"name":"Privacy Policy"}]},{"@type":"WebSite","@id":"https:\/\/masterssurfschool.com\/#website","url":"https:\/\/masterssurfschool.com\/","name":"Escuela de surf de maestr\u00eda","description":"Mejor Escuela de Kitesurf y Windsurf Hurghada","publisher":{"@id":"https:\/\/masterssurfschool.com\/#organization"},"alternateName":"Masters surf school","potentialAction":[{"@type":"SearchAction","target":{"@type":"EntryPoint","urlTemplate":"https:\/\/masterssurfschool.com\/?s={search_term_string}"},"query-input":{"@type":"PropertyValueSpecification","valueRequired":true,"valueName":"search_term_string"}}],"inLanguage":"es"},{"@type":["Organization","Place"],"@id":"https:\/\/masterssurfschool.com\/#organization","name":"Escuela de surf de maestr\u00eda","alternateName":"Masters surf school","url":"https:\/\/masterssurfschool.com\/","logo":{"@id":"https:\/\/masterssurfschool.com\/privacy-policy\/#local-main-organization-logo"},"image":{"@id":"https:\/\/masterssurfschool.com\/privacy-policy\/#local-main-organization-logo"},"sameAs":["https:\/\/www.facebook.com\/masters.surf.school","https:\/\/www.instagram.com\/masters_surf_school\/","https:\/\/www.youtube.com\/@masterssurfschool"],"description":"Masters Surf School es un centro de deportes acu\u00e1ticos de primer nivel con m\u00e1s de 25 a\u00f1os de experiencia en Hurghada, Egipto. Operando desde m\u00e1s de 4 ubicaciones a lo largo de la costa del Mar Rojo, nos dedicamos a brindar experiencias de kitesurf y windsurf de clase mundial. Nuestro equipo de instructores certificados internacionalmente (IKO) lo gu\u00eda en condiciones ideales: lagunas poco profundas con vientos constantes, lo que garantiza un progreso seguro, r\u00e1pido e inolvidable. Desde lecciones para principiantes hasta entrenamiento avanzado, vela en catamar\u00e1n y safaris en cometas, ofrecemos traslados de hotel de cortes\u00eda y equipos de alta calidad para su aventura.","legalName":"Masters surf school","foundingDate":"2020-01-06","numberOfEmployees":{"@type":"QuantitativeValue","minValue":"1","maxValue":"10"},"address":{"@id":"https:\/\/masterssurfschool.com\/privacy-policy\/#local-main-place-address"},"telephone":["+201124823398","+201272284800"],"contactPoint":{"@type":"ContactPoint","telephone":"+2011 24823398","email":"masters.surfschool@gmail.com"},"openingHoursSpecification":[{"@type":"OpeningHoursSpecification","dayOfWeek":["Monday","Tuesday","Wednesday","Thursday","Friday","Saturday","Sunday"],"opens":"09:00","closes":"23:30"}],"email":"masters.surfschool@gmail.com"},{"@type":"PostalAddress","@id":"https:\/\/masterssurfschool.com\/privacy-policy\/#local-main-place-address","streetAddress":"Titanic Hotel, Sahl Hashish Rd, Red Sea Governorate","addressLocality":"HURGHADA","postalCode":"84511","addressRegion":"Al Bahr al Ahmar","addressCountry":"EG"},{"@type":"ImageObject","inLanguage":"es","@id":"https:\/\/masterssurfschool.com\/privacy-policy\/#local-main-organization-logo","url":"https:\/\/masterssurfschool.com\/wp-content\/uploads\/2025\/10\/cropped-logo.png","contentUrl":"https:\/\/masterssurfschool.com\/wp-content\/uploads\/2025\/10\/cropped-logo.png","width":512,"height":512,"caption":"Masters Surf School"}]},"geo.placename":"HURGHADA","geo.region":"Egipto"},"_links":{"self":[{"href":"https:\/\/masterssurfschool.com\/es\/wp-json\/wp\/v2\/pages\/3336","targetHints":{"allow":["GET"]}}],"collection":[{"href":"https:\/\/masterssurfschool.com\/es\/wp-json\/wp\/v2\/pages"}],"about":[{"href":"https:\/\/masterssurfschool.com\/es\/wp-json\/wp\/v2\/types\/page"}],"author":[{"embeddable":true,"href":"https:\/\/masterssurfschool.com\/es\/wp-json\/wp\/v2\/users\/7"}],"replies":[{"embeddable":true,"href":"https:\/\/masterssurfschool.com\/es\/wp-json\/wp\/v2\/comments?post=3336"}],"version-history":[{"count":1,"href":"https:\/\/masterssurfschool.com\/es\/wp-json\/wp\/v2\/pages\/3336\/revisions"}],"predecessor-version":[{"id":3337,"href":"https:\/\/masterssurfschool.com\/es\/wp-json\/wp\/v2\/pages\/3336\/revisions\/3337"}],"wp:attachment":[{"href":"https:\/\/masterssurfschool.com\/es\/wp-json\/wp\/v2\/media?parent=3336"}],"curies":[{"name":"pp","href":"https:\/\/api.w.org\/{rel}","templated":true}]}}